{"id":189,"date":"2017-05-14T21:56:20","date_gmt":"2017-05-15T01:56:20","guid":{"rendered":"http:\/\/www.lcti.umontreal.ca\/wordpress\/?page_id=189"},"modified":"2023-07-07T14:28:59","modified_gmt":"2023-07-07T18:28:59","slug":"contactfr","status":"publish","type":"page","link":"http:\/\/www.lcti.umontreal.ca\/wordpress\/index.php\/contactfr\/","title":{"rendered":"Contact"},"content":{"rendered":"<p>Pour toute question ou commentaire, n&rsquo;h\u00e9sitez pas \u00e0 nous contacter \u00e0 l&rsquo;adresse suivante:<\/p>\n<h3>Directeur du laboratoire<\/h3>\n<p>Gilles Soulez<br \/>\ngilles.soulez.med@ssss.gouv.qc.ca<\/p>\n<h3>Associ\u00e9 de recherche<\/h3>\n<p>Simon Lessard<br \/>\nsimon.lessard.chum@ssss.gouv.qc.ca<\/p>\n","protected":false},"excerpt":{"rendered":"<p>Pour toute question ou commentaire, n&rsquo;h\u00e9sitez pas \u00e0 nous contacter \u00e0 l&rsquo;adresse suivante: Directeur du laboratoire Gilles Soulez gilles.soulez.med@ssss.gouv.qc.ca Associ\u00e9 de recherche Simon Lessard simon.lessard.chum@ssss.gouv.qc.ca<\/p>\n","protected":false},"author":1,"featured_media":0,"parent":0,"menu_order":0,"comment_status":"closed","ping_status":"closed","template":"","meta":{"footnotes":""},"_links":{"self":[{"href":"http:\/\/www.lcti.umontreal.ca\/wordpress\/index.php\/wp-json\/wp\/v2\/pages\/189"}],"collection":[{"href":"http:\/\/www.lcti.umontreal.ca\/wordpress\/index.php\/wp-json\/wp\/v2\/pages"}],"about":[{"href":"http:\/\/www.lcti.umontreal.ca\/wordpress\/index.php\/wp-json\/wp\/v2\/types\/page"}],"author":[{"embeddable":true,"href":"http:\/\/www.lcti.umontreal.ca\/wordpress\/index.php\/wp-json\/wp\/v2\/users\/1"}],"replies":[{"embeddable":true,"href":"http:\/\/www.lcti.umontreal.ca\/wordpress\/index.php\/wp-json\/wp\/v2\/comments?post=189"}],"version-history":[{"count":6,"href":"http:\/\/www.lcti.umontreal.ca\/wordpress\/index.php\/wp-json\/wp\/v2\/pages\/189\/revisions"}],"predecessor-version":[{"id":569,"href":"http:\/\/www.lcti.umontreal.ca\/wordpress\/index.php\/wp-json\/wp\/v2\/pages\/189\/revisions\/569"}],"wp:attachment":[{"href":"http:\/\/www.lcti.umontreal.ca\/wordpress\/index.php\/wp-json\/wp\/v2\/media?parent=189"}],"curies":[{"name":"wp","href":"https:\/\/api.w.org\/{rel}","templated":true}]}}