{"id":136,"date":"2017-05-10T18:52:10","date_gmt":"2017-05-10T22:52:10","guid":{"rendered":"http:\/\/www.lcti.umontreal.ca\/wordpress\/?page_id=136"},"modified":"2023-07-10T10:43:21","modified_gmt":"2023-07-10T14:43:21","slug":"collaborations","status":"publish","type":"page","link":"http:\/\/www.lcti.umontreal.ca\/wordpress\/index.php\/collaborations\/","title":{"rendered":"Collaborations"},"content":{"rendered":"<div id=\"main_body\">\n<div id=\"main_text\">\n<h2>Chercheurs<\/h2>\n<p><strong>Jacques A. de Guise<\/strong><br \/>\nIng MSc A PhD, Professeur titulaire<br \/>\nD\u00e9partement de g\u00e9nie de la production automatis\u00e9e, \u00c9cole de techologie sup\u00e9rieure<br \/>\nD\u00e9partement de chirurgie, Universit\u00e9 de Montr\u00e9al<br \/>\nResponsable de l&rsquo;axe imagerie et orthop\u00e9die<br \/>\nDirecteur, Laboratoire de recherche en imagerie et orthop\u00e9die (LIO)<\/p>\n<p><strong>Manon Choini\u00e8re<\/strong><br \/>\nPhD, Professeur titulaire<br \/>\nD\u00e9partement d&rsquo;anesth\u00e9sie, Universit\u00e9 de Montr\u00e9al<\/p>\n<p><strong>Guy Cloutier<\/strong><br \/>\nIng PhD, Professeur titulaire<br \/>\nD\u00e9partement de radiologie, radio-oncologie et m\u00e9decine nucl\u00e9aire, Universit\u00e9 de Montr\u00e9al<br \/>\nDirecteur, Laboratoire de biorh\u00e9ologie et d&rsquo;ultrasonographie m\u00e9dicale (LBUM)<\/p>\n<p><strong>Nicola Hagemeister<\/strong><br \/>\nIng PhD, Professeur titulaire, \u00c9cole de technologie sup\u00e9rieure<\/p>\n<p><strong>Ismail Ben Ayed<\/strong><br \/>\nIng PhD, Professeur titulaire, \u00c9cole de technologie sup\u00e9rieure<\/p>\n<p><strong>Christopher Lightfoot<\/strong><br \/>\nMD FRCPC, Assistant Professor<br \/>\nDepartment of Diagnostic Radiology, Queen Elizabeth II Hospital, Halifax<\/p>\n<p><strong>Sylvain Martel<\/strong><br \/>\nIng PhD, Professeur adjoint<br \/>\nD\u00e9partement de g\u00e9nie informatique et g\u00e9nie logiciel, Polytechnique Montr\u00e9al<\/p>\n<p><strong>Rosaire Mongrain<\/strong><br \/>\nMSc PhD, Professeur agr\u00e9g\u00e9<br \/>\nD\u00e9partement de g\u00e9nie m\u00e9canique,<br \/>\nMembre associ\u00e9, D\u00e9partement de g\u00e9nie biom\u00e9dical, McGill<\/p>\n<p><strong>Christopher Pal<\/strong><br \/>\nPhD ing, Professeur agr\u00e9g\u00e9<br \/>\nD\u00e9partement de g\u00e9nie informatique et g\u00e9nie logiciel, Polytechnique Montr\u00e9al<\/p>\n<h2>Cliniciens<\/h2>\n<h3>D\u00e9partement de radiologie, radio-oncologie<br \/>\net m\u00e9decine nucl\u00e9aire, Universit\u00e9 de Montr\u00e9al<\/h3>\n<p><strong>Jean-S\u00e9bastien Billiard<\/strong><br \/>\nMD FRCPC, Professeur adjoint de clinique<\/p>\n<p><strong>Louis Bouchard<\/strong><br \/>\nMD FRCPC, Professeur adjoint de clinique<\/p>\n<p><strong>M\u00e9lanie Deslandes<\/strong><br \/>\nBSc (physioth\u00e9rapie) MD<\/p>\n<p><strong>V\u00e9ronique Freire<\/strong><br \/>\nMD FRCPC, Professeur adjoint<\/p>\n<p><strong>Patrick Gilbert<\/strong><br \/>\nMD FRCPC, Professeur adjoint de clinique<\/p>\n<p><strong>Marie-France Giroux<\/strong><br \/>\nMD FRCPC, Professeur agr\u00e9g\u00e9 de clinique<br \/>\nDirectrice du programme de radiologie vasculaire et interventionnel<\/p>\n<p><strong>Marianne Lepage-Saucier<\/strong><br \/>\nMD FRCPC, Professeur adjoint<\/p>\n<p><strong>Thomas Moser<\/strong><br \/>\nMD MSc, Professeur adjoint<\/p>\n<p><strong>Vincent Oliva<\/strong><br \/>\nMD FRCPC, Professeur titulaire de clinique<\/p>\n<p><strong>Damien Olivi\u00e9<\/strong><br \/>\nMD, Professeur adjoint de clinique<\/p>\n<p><strong>Pierre Perreault<\/strong><br \/>\nMD FRCPC, Professeur adjoint de clinique<\/p>\n<p><strong>\u00c9ric Th\u00e9rasse<\/strong><br \/>\nMD FRCPC, Professeur titulaire de clinique<\/p>\n<\/div>\n<\/div>\n","protected":false},"excerpt":{"rendered":"<p>Chercheurs Jacques A. de Guise Ing MSc A PhD, Professeur titulaire D\u00e9partement de g\u00e9nie de la production automatis\u00e9e, \u00c9cole de techologie sup\u00e9rieure D\u00e9partement de chirurgie, Universit\u00e9 de Montr\u00e9al Responsable de l&rsquo;axe imagerie et orthop\u00e9die Directeur, Laboratoire de recherche en imagerie et orthop\u00e9die (LIO) Manon Choini\u00e8re PhD, Professeur titulaire D\u00e9partement d&rsquo;anesth\u00e9sie, Universit\u00e9 de Montr\u00e9al Guy Cloutier &hellip; <a href=\"http:\/\/www.lcti.umontreal.ca\/wordpress\/index.php\/collaborations\/\" class=\"more-link\">Continuer la lecture de <span class=\"screen-reader-text\">Collaborations<\/span><\/a><\/p>\n","protected":false},"author":1,"featured_media":0,"parent":0,"menu_order":0,"comment_status":"closed","ping_status":"closed","template":"","meta":{"footnotes":""},"_links":{"self":[{"href":"http:\/\/www.lcti.umontreal.ca\/wordpress\/index.php\/wp-json\/wp\/v2\/pages\/136"}],"collection":[{"href":"http:\/\/www.lcti.umontreal.ca\/wordpress\/index.php\/wp-json\/wp\/v2\/pages"}],"about":[{"href":"http:\/\/www.lcti.umontreal.ca\/wordpress\/index.php\/wp-json\/wp\/v2\/types\/page"}],"author":[{"embeddable":true,"href":"http:\/\/www.lcti.umontreal.ca\/wordpress\/index.php\/wp-json\/wp\/v2\/users\/1"}],"replies":[{"embeddable":true,"href":"http:\/\/www.lcti.umontreal.ca\/wordpress\/index.php\/wp-json\/wp\/v2\/comments?post=136"}],"version-history":[{"count":4,"href":"http:\/\/www.lcti.umontreal.ca\/wordpress\/index.php\/wp-json\/wp\/v2\/pages\/136\/revisions"}],"predecessor-version":[{"id":582,"href":"http:\/\/www.lcti.umontreal.ca\/wordpress\/index.php\/wp-json\/wp\/v2\/pages\/136\/revisions\/582"}],"wp:attachment":[{"href":"http:\/\/www.lcti.umontreal.ca\/wordpress\/index.php\/wp-json\/wp\/v2\/media?parent=136"}],"curies":[{"name":"wp","href":"https:\/\/api.w.org\/{rel}","templated":true}]}}